{"id":242504,"date":"2022-06-10T12:31:50","date_gmt":"2022-06-10T12:31:50","guid":{"rendered":"https:\/\/www.rm-tierphysio-ostfriesland.de\/?page_id=242504"},"modified":"2022-07-29T12:43:55","modified_gmt":"2022-07-29T12:43:55","slug":"impressum","status":"publish","type":"page","link":"https:\/\/rm-tierphysio-ostfriesland.de\/index.php\/impressum\/","title":{"rendered":"Impressum"},"content":{"rendered":"<p>[et_pb_section fb_built=&#8220;1&#8243; custom_padding_last_edited=&#8220;on|desktop&#8220; _builder_version=&#8220;4.17.4&#8243; background_image=&#8220;https:\/\/rm-tierphysio-ostfriesland.de\/wp-content\/uploads\/2022\/07\/Uebermich-scaled.jpg&#8220; custom_padding=&#8220;15vh||20vh||false|false&#8220; custom_padding_tablet=&#8220;20vh||||false|false&#8220; custom_padding_phone=&#8220;5vh||10vh||false|false&#8220; bottom_divider_style=&#8220;curve2&#8243; bottom_divider_color=&#8220;#FFFFFF&#8220; bottom_divider_height=&#8220;200px&#8220; bottom_divider_repeat=&#8220;0x&#8220; bottom_divider_height_tablet=&#8220;120px&#8220; bottom_divider_height_phone=&#8220;60px&#8220; bottom_divider_height_last_edited=&#8220;on|phone&#8220; background_last_edited=&#8220;on|tablet&#8220; background_color_gradient_stops_tablet=&#8220;rgba(38,61,123,0.95) 0%|rgba(9,162,214,0.33) 100%&#8220; background_color_gradient_stops_phone=&#8220;rgba(38,61,123,0.95) 0%|rgba(9,162,214,0.33) 100%&#8220; background_color_gradient_start_position_tablet=&#8220;0%&#8220; background_color_gradient_end_position_tablet=&#8220;100%&#8220; background_color_gradient_end_position_phone=&#8220;100%&#8220; background_position_tablet=&#8220;top_right&#8220; background_position_phone=&#8220;top_left&#8220; global_colors_info=&#8220;{}&#8220;][et_pb_row _builder_version=&#8220;4.16&#8243; _module_preset=&#8220;default&#8220; global_colors_info=&#8220;{}&#8220;][et_pb_column type=&#8220;4_4&#8243; _builder_version=&#8220;4.16&#8243; _module_preset=&#8220;default&#8220; global_colors_info=&#8220;{}&#8220;][et_pb_cta title=&#8220;RM-Tierphsio-Ostfriesland&#8220; _builder_version=&#8220;4.17.4&#8243; _module_preset=&#8220;default&#8220; header_font=&#8220;Raleway|300|||||||&#8220; header_text_color=&#8220;#F6FBFD&#8220; header_font_size=&#8220;40px&#8220; body_font=&#8220;Montserrat|700|||||||&#8220; body_font_size=&#8220;65px&#8220; body_line_height=&#8220;1em&#8220; background_color=&#8220;RGBA(0,0,0,0)&#8220; custom_button=&#8220;on&#8220; button_bg_color=&#8220;#09A2D6&#8243; button_border_color=&#8220;#09A2D6&#8243; text_orientation=&#8220;left&#8220; max_width=&#8220;700px&#8220; custom_margin=&#8220;||0px||false|false&#8220; custom_padding=&#8220;|||0px|false|false&#8220; header_font_size_tablet=&#8220;&#8220; header_font_size_phone=&#8220;27px&#8220; header_font_size_last_edited=&#8220;on|phone&#8220; body_font_size_tablet=&#8220;70px&#8220; body_font_size_phone=&#8220;41px&#8220; body_font_size_last_edited=&#8220;on|tablet&#8220; global_colors_info=&#8220;{}&#8220; button_border_color__hover_enabled=&#8220;on|hover&#8220; button_border_color__hover=&#8220;#09A2D6&#8243;]<\/p>\n<p>IMPRESSUM<\/p>\n<p>[\/et_pb_cta][\/et_pb_column][\/et_pb_row][\/et_pb_section][et_pb_section fb_built=&#8220;1&#8243; custom_padding_last_edited=&#8220;on|phone&#8220; _builder_version=&#8220;4.16&#8243; _module_preset=&#8220;default&#8220; background_image=&#8220;https:\/\/rm-tierphysio-ostfriesland.de\/wp-content\/uploads\/2021\/07\/medical-shape-01.svg&#8220; background_size=&#8220;contain&#8220; background_position=&#8220;top_left&#8220; custom_padding=&#8220;100px|||||&#8220; custom_padding_tablet=&#8220;40px||||false|false&#8220; custom_padding_phone=&#8220;&#8220; global_colors_info=&#8220;{}&#8220;][et_pb_row _builder_version=&#8220;4.17.4&#8243; _module_preset=&#8220;default&#8220; custom_margin=&#8220;-127px||||false|false&#8220; custom_margin_tablet=&#8220;-104px||||false|false&#8220; custom_margin_phone=&#8220;-104px||||false|false&#8220; custom_margin_last_edited=&#8220;on|desktop&#8220; hover_enabled=&#8220;0&#8243; global_colors_info=&#8220;{}&#8220; sticky_enabled=&#8220;0&#8243;][et_pb_column type=&#8220;4_4&#8243; _builder_version=&#8220;4.17.4&#8243; _module_preset=&#8220;default&#8220; global_colors_info=&#8220;{}&#8220;][et_pb_text _builder_version=&#8220;4.17.4&#8243; _module_preset=&#8220;default&#8220; hover_enabled=&#8220;0&#8243; global_colors_info=&#8220;{}&#8220; sticky_enabled=&#8220;0&#8243; custom_margin_last_edited=&#8220;on|desktop&#8220; custom_margin=&#8220;38px||||false|false&#8220; custom_margin_tablet=&#8220;38px||||false|false&#8220; custom_margin_phone=&#8220;38px||||false|false&#8220;]<\/p>\n<div class=\"et_pb_section et_pb_section_2 et_pb_with_background et_section_regular\">\n<div class=\"et_pb_row et_pb_row_2\">\n<div class=\"et_pb_column et_pb_column_4_4 et_pb_column_4  et_pb_css_mix_blend_mode_passthrough et-last-child\">\n<div class=\"et_pb_module et_pb_text et_pb_text_1  et_pb_text_align_left et_pb_bg_layout_light\">\n<div class=\"et_pb_text_inner\">\n<div class=\"et_pb_section et_pb_section_1 et_section_regular\">\n<div class=\"et_pb_row et_pb_row_1\">\n<div class=\"et_pb_column et_pb_column_4_4 et_pb_column_2  et_pb_css_mix_blend_mode_passthrough et-last-child\">\n<div class=\"et_pb_module et_pb_text et_pb_text_1  et_pb_text_align_left et_pb_bg_layout_light\">\n<div class=\"et_pb_text_inner\">\n<div class=\"et_pb_section et_pb_section_1 et_section_regular\">\n<div class=\"et_pb_row et_pb_row_1\">\n<div class=\"et_pb_column et_pb_column_4_4 et_pb_column_2  et_pb_css_mix_blend_mode_passthrough et-last-child\">\n<div class=\"et_pb_module et_pb_text et_pb_text_1  et_pb_text_align_left et_pb_bg_layout_light\">\n<div class=\"et_pb_text_inner\">\n<p><span style=\"color: #081830;\"><b>RM Tierphysio Ostfriesland<\/b><\/span><b><br \/><\/b><\/p>\n<p>Inhaber:\u00a0 Ramona Meints<\/p>\n<p class=\"v1MsoNormal\">Erfurter Stra\u00dfe 24, 26802 Moormerland<strong><\/strong><\/p>\n<p class=\"v1MsoNormal\">Email: <a href=\"mailto:info@rm.tierphysio.ostfriesland@gmail.com\">rm.tierphysio.ostfriesland@gmail.com<\/a><\/p>\n<p>Telefon: +49 176 20043192<\/p>\n<p><strong>Inhaltlich verantwortlich gem\u00e4\u00df \u00a7 55 Abs. 2 RStV:<\/strong><\/p>\n<div dir=\"auto\">\n<div id=\"c90\" class=\"frame frame-default frame-type-textmedia frame-layout-0 frame-space-before-medium frame-space-after-medium\">\n<div class=\"frame-content\">\n<div class=\"frame-content-inner\">\n<div class=\"ce-textpic ce-center ce-above\">\n<div class=\"ce-bodytext\">\n<p>Ramona Meints<\/p>\n<p>Erfurter Stra\u00dfe 24<\/p>\n<p>26802 Moormerland<\/p>\n<p>&nbsp;<\/p>\n<p>Wir nehmen nicht an einem Streitbeilegungsverfahren vor einer Verbraucherschlichtungsstelle teil.<\/p>\n<p>&nbsp;<\/p>\n<\/div>\n<\/div>\n<\/div>\n<\/div>\n<\/div>\n<div id=\"c179\" class=\"frame frame-default frame-type-textmedia frame-layout-0 frame-space-before-medium frame-space-after-large\">\n<div class=\"frame-content\">\n<div class=\"frame-content-inner\">\n<div class=\"ce-textpic ce-center ce-above\">\n<div class=\"ce-bodytext\">\n<h3><strong>HAFTUNGSAUSSCHLUSS<\/strong><\/h3>\n<p><strong><\/strong><\/p>\n<p><strong>Haftung f\u00fcr Inhalte<\/strong><br \/>Die Inhalte unserer Seiten wurden mit gr\u00f6\u00dfter Sorgfalt erstellt. F\u00fcr die Richtigkeit, Vollst\u00e4ndigkeit und Aktualit\u00e4t der Inhalte k\u00f6nnen wir jedoch keine Gew\u00e4hr \u00fcbernehmen. Als Diensteanbieter sind wir gem\u00e4\u00df \u00a7 7 Abs.1 TMG f\u00fcr eigene Inhalte auf diesen Seiten nach den allgemeinen Gesetzen verantwortlich. Nach \u00a7\u00a7 8 bis 10 TMG sind wir als Diensteanbieter jedoch nicht verpflichtet, \u00fcbermittelte oder gespeicherte fremde Informationen zu \u00fcberwachen oder nach Umst\u00e4nden zu forschen, die auf eine rechtswidrige T\u00e4tigkeit hinweisen. Verpflichtungen zur Entfernung oder Sperrung der Nutzung von Informationen nach den allgemeinen Gesetzen bleiben hiervon unber\u00fchrt. Eine diesbez\u00fcgliche Haftung ist jedoch erst ab dem Zeitpunkt der Kenntnis einer konkreten Rechtsverletzung m\u00f6glich. Bei Bekanntwerden von entsprechenden Rechtsverletzungen werden wir diese Inhalte umgehend entfernen.<\/p>\n<p><strong>Haftung f\u00fcr Links<\/strong><br \/>Unser Angebot enth\u00e4lt Links zu externen Webseiten Dritter, auf deren Inhalte wir keinen Einfluss haben. F\u00fcr die Inhalte der verlinkten Seiten ist stets der jeweilige Anbieter oder Betreiber der Seiten verantwortlich. F\u00fcr die Inhalte und die Richtigkeit der Informationen verlinkter Websites fremder Informationsanbieter wird keine Gew\u00e4hr \u00fcbernommen. Die verlinkten Seiten wurden zum Zeitpunkt der Verlinkung auf m\u00f6gliche Rechtsverst\u00f6\u00dfe ohne Beanstandung \u00fcberpr\u00fcft. Bei bekannt werden von Rechtsverletzungen werden wir derartige Links umgehend entfernen.<\/p>\n<p><strong>Copyright<\/strong><br \/>S\u00e4mtliche Texte, Bilder und andere auf der Internetseite ver\u00f6ffentlichten Werke unterliegen dem Copyright des Seitenbetreibers. Jede Vervielf\u00e4ltigung, Verbreitung, Speicherung, \u00dcbermittlung, Sendung und Wieder- bzw. Weitergabe der Inhalte ist ohne schriftliche Genehmigung des Seitenbetreibers ausdr\u00fccklich untersagt.<\/p>\n<\/div>\n<\/div>\n<\/div>\n<\/div>\n<\/div>\n<\/div>\n<\/div>\n<\/div>\n<\/div>\n<\/div>\n<\/div>\n<\/div>\n<\/div>\n<\/div>\n<\/div>\n<\/div>\n<\/div>\n<\/div>\n<\/div>\n<\/div>\n<\/div>\n<p>[\/et_pb_text][\/et_pb_column][\/et_pb_row][\/et_pb_section]<\/p>\n","protected":false},"excerpt":{"rendered":"<p>IMPRESSUM RM Tierphysio Ostfriesland Inhaber:\u00a0 Ramona Meints Erfurter Stra\u00dfe 24, 26802 Moormerland Email: rm.tierphysio.ostfriesland@gmail.com Telefon: +49 176 20043192 Inhaltlich verantwortlich gem\u00e4\u00df \u00a7 55 Abs. 2 RStV: Ramona Meints Erfurter Stra\u00dfe 24 26802 Moormerland &nbsp; Wir nehmen nicht an einem Streitbeilegungsverfahren vor einer Verbraucherschlichtungsstelle teil. &nbsp; HAFTUNGSAUSSCHLUSS Haftung f\u00fcr InhalteDie Inhalte unserer Seiten wurden mit gr\u00f6\u00dfter [&hellip;]<\/p>\n","protected":false},"author":1,"featured_media":0,"parent":0,"menu_order":0,"comment_status":"closed","ping_status":"closed","template":"","meta":{"_et_pb_use_builder":"on","_et_pb_old_content":"<!-- wp:divi\/placeholder \/-->","_et_gb_content_width":"","footnotes":""},"dipi_cpt_category":[],"class_list":["post-242504","page","type-page","status-publish","hentry"],"_links":{"self":[{"href":"https:\/\/rm-tierphysio-ostfriesland.de\/index.php\/wp-json\/wp\/v2\/pages\/242504","targetHints":{"allow":["GET"]}}],"collection":[{"href":"https:\/\/rm-tierphysio-ostfriesland.de\/index.php\/wp-json\/wp\/v2\/pages"}],"about":[{"href":"https:\/\/rm-tierphysio-ostfriesland.de\/index.php\/wp-json\/wp\/v2\/types\/page"}],"author":[{"embeddable":true,"href":"https:\/\/rm-tierphysio-ostfriesland.de\/index.php\/wp-json\/wp\/v2\/users\/1"}],"replies":[{"embeddable":true,"href":"https:\/\/rm-tierphysio-ostfriesland.de\/index.php\/wp-json\/wp\/v2\/comments?post=242504"}],"version-history":[{"count":6,"href":"https:\/\/rm-tierphysio-ostfriesland.de\/index.php\/wp-json\/wp\/v2\/pages\/242504\/revisions"}],"predecessor-version":[{"id":242620,"href":"https:\/\/rm-tierphysio-ostfriesland.de\/index.php\/wp-json\/wp\/v2\/pages\/242504\/revisions\/242620"}],"wp:attachment":[{"href":"https:\/\/rm-tierphysio-ostfriesland.de\/index.php\/wp-json\/wp\/v2\/media?parent=242504"}],"wp:term":[{"taxonomy":"dipi_cpt_category","embeddable":true,"href":"https:\/\/rm-tierphysio-ostfriesland.de\/index.php\/wp-json\/wp\/v2\/dipi_cpt_category?post=242504"}],"curies":[{"name":"wp","href":"https:\/\/api.w.org\/{rel}","templated":true}]}}