{"id":242502,"date":"2022-06-10T12:31:41","date_gmt":"2022-06-10T12:31:41","guid":{"rendered":"https:\/\/www.rm-tierphysio-ostfriesland.de\/?page_id=242502"},"modified":"2025-12-15T11:45:48","modified_gmt":"2025-12-15T10:45:48","slug":"kontakt","status":"publish","type":"page","link":"https:\/\/rm-tierphysio-ostfriesland.de\/index.php\/kontakt\/","title":{"rendered":"Kontakt"},"content":{"rendered":"<p>[et_pb_section fb_built=&#8220;1&#8243; custom_padding_last_edited=&#8220;on|desktop&#8220; _builder_version=&#8220;4.17.6&#8243; background_image=&#8220;https:\/\/rm-tierphysio-ostfriesland.de\/wp-content\/uploads\/2022\/08\/HBF_15301-scaled.jpg&#8220; background_position=&#8220;bottom_left&#8220; background_vertical_offset=&#8220;88%&#8220; custom_padding=&#8220;15vh||20vh||false|false&#8220; custom_padding_tablet=&#8220;20vh||||false|false&#8220; custom_padding_phone=&#8220;5vh||10vh||false|false&#8220; bottom_divider_style=&#8220;curve2&#8243; bottom_divider_color=&#8220;#FFFFFF&#8220; bottom_divider_height=&#8220;200px&#8220; bottom_divider_repeat=&#8220;0x&#8220; bottom_divider_height_tablet=&#8220;120px&#8220; bottom_divider_height_phone=&#8220;60px&#8220; bottom_divider_height_last_edited=&#8220;on|phone&#8220; background_last_edited=&#8220;on|tablet&#8220; background_color_gradient_stops_tablet=&#8220;rgba(38,61,123,0.95) 0%|rgba(9,162,214,0.33) 100%&#8220; background_color_gradient_stops_phone=&#8220;rgba(38,61,123,0.95) 0%|rgba(9,162,214,0.33) 100%&#8220; background_color_gradient_start_position_tablet=&#8220;0%&#8220; background_color_gradient_end_position_tablet=&#8220;100%&#8220; background_color_gradient_end_position_phone=&#8220;100%&#8220; background_position_tablet=&#8220;top_right&#8220; background_position_phone=&#8220;top_left&#8220; background_horizontal_offset_tablet=&#8220;60%&#8220; background_horizontal_offset_phone=&#8220;52%&#8220; global_colors_info=&#8220;{}&#8220;][et_pb_row _builder_version=&#8220;4.16&#8243; _module_preset=&#8220;default&#8220; global_colors_info=&#8220;{}&#8220;][et_pb_column type=&#8220;4_4&#8243; _builder_version=&#8220;4.16&#8243; _module_preset=&#8220;default&#8220; global_colors_info=&#8220;{}&#8220;][et_pb_cta _builder_version=&#8220;4.17.6&#8243; _module_preset=&#8220;default&#8220; header_font=&#8220;Raleway|300|||||||&#8220; header_text_color=&#8220;#F6FBFD&#8220; header_font_size=&#8220;40px&#8220; body_font=&#8220;Montserrat|700|||||||&#8220; body_font_size=&#8220;65px&#8220; body_line_height=&#8220;1em&#8220; background_color=&#8220;RGBA(0,0,0,0)&#8220; custom_button=&#8220;on&#8220; button_bg_color=&#8220;#09A2D6&#8243; button_border_color=&#8220;#09A2D6&#8243; text_orientation=&#8220;left&#8220; max_width=&#8220;700px&#8220; custom_margin=&#8220;||0px||false|false&#8220; custom_padding=&#8220;|||0px|false|false&#8220; header_font_size_tablet=&#8220;&#8220; header_font_size_phone=&#8220;27px&#8220; header_font_size_last_edited=&#8220;on|phone&#8220; body_font_size_tablet=&#8220;70px&#8220; body_font_size_phone=&#8220;41px&#8220; body_font_size_last_edited=&#8220;on|tablet&#8220; global_colors_info=&#8220;{}&#8220; button_border_color__hover_enabled=&#8220;on|hover&#8220; button_border_color__hover=&#8220;#09A2D6&#8243;]<\/p>\n<p>&nbsp;<\/p>\n<p>&nbsp;<\/p>\n<p>&nbsp;<\/p>\n<p>[\/et_pb_cta][\/et_pb_column][\/et_pb_row][\/et_pb_section][et_pb_section fb_built=&#8220;1&#8243; custom_padding_last_edited=&#8220;on|phone&#8220; _builder_version=&#8220;4.16&#8243; _module_preset=&#8220;default&#8220; background_image=&#8220;https:\/\/rm-tierphysio-ostfriesland.de\/wp-content\/uploads\/2021\/07\/medical-shape-01.svg&#8220; background_size=&#8220;contain&#8220; background_position=&#8220;top_left&#8220; custom_padding=&#8220;100px|||||&#8220; custom_padding_tablet=&#8220;40px||||false|false&#8220; custom_padding_phone=&#8220;&#8220; global_colors_info=&#8220;{}&#8220;][et_pb_row column_structure=&#8220;1_2,1_2&#8243; make_equal=&#8220;on&#8220; _builder_version=&#8220;4.16&#8243; _module_preset=&#8220;default&#8220; width=&#8220;85%&#8220; custom_padding=&#8220;30px|||||&#8220; global_colors_info=&#8220;{}&#8220;][et_pb_column type=&#8220;1_2&#8243; module_class=&#8220;dp-vertical-align&#8220; _builder_version=&#8220;4.16&#8243; _module_preset=&#8220;default&#8220; global_colors_info=&#8220;{}&#8220;][et_pb_text _builder_version=&#8220;4.17.6&#8243; _module_preset=&#8220;default&#8220; header_2_text_color=&#8220;#825339&#8243; header_2_font_size=&#8220;42px&#8220; header_4_text_color=&#8220;#97c21b&#8220; max_width=&#8220;700px&#8220; module_alignment=&#8220;center&#8220; text_font_size_tablet=&#8220;&#8220; text_font_size_phone=&#8220;15px&#8220; text_font_size_last_edited=&#8220;on|phone&#8220; text_line_height_tablet=&#8220;&#8220; text_line_height_phone=&#8220;1.7em&#8220; text_line_height_last_edited=&#8220;on|phone&#8220; header_2_font_size_tablet=&#8220;40px&#8220; header_2_font_size_phone=&#8220;32px&#8220; header_2_font_size_last_edited=&#8220;on|phone&#8220; global_colors_info=&#8220;{}&#8220;]<\/p>\n<h4>RM-Tierphysio Ostfriesland<\/h4>\n<p>[\/et_pb_text][dipi_timeline show_card_arrow=&#8220;off&#8220; layout=&#8220;right&#8220; line_area_size=&#8220;75px&#8220; timeline_line_width=&#8220;4px&#8220; timeline_line_style=&#8220;dotted&#8220; timeline_line_color=&#8220;#826e64&#8243; timeline_active_line_width=&#8220;4px&#8220; timeline_active_line_style=&#8220;dotted&#8220; timeline_active_line_color=&#8220;#825339&#8243; line_area_size_tablet=&#8220;60px&#8220; line_area_size_phone=&#8220;&#8220; line_area_size_last_edited=&#8220;on|desktop&#8220; _builder_version=&#8220;4.17.4&#8243; _module_preset=&#8220;default&#8220; custom_margin_tablet=&#8220;||60px||false|false&#8220; custom_margin_phone=&#8220;||40px||false|false&#8220; custom_margin_last_edited=&#8220;on|phone&#8220; global_colors_info=&#8220;{}&#8220;][dipi_timeline_item admin_label=&#8220;Address&#8220; title=&#8220;Addresse&#8220; timeline_icon=&#8220;&#xe01d;||divi||400&#8243; timeline_icon_color=&#8220;#825339&#8243; ribbon_circle_color=&#8220;#F6F7FA&#8220; ribbon_use_icon_font_size=&#8220;on&#8220; timeline_icon_font_size=&#8220;19px&#8220; _builder_version=&#8220;4.17.4&#8243; _module_preset=&#8220;default&#8220; header_font=&#8220;Montserrat|700|||||||&#8220; header_text_color=&#8220;#081830&#8243; header_font_size=&#8220;20px&#8220; body_font=&#8220;Raleway||||||||&#8220; body_font_size=&#8220;14px&#8220; body_line_height=&#8220;1.6em&#8220; background_color=&#8220;#FFFFFF&#8220; background_enable_color=&#8220;on&#8220; border_radii=&#8220;on|10px|10px|10px|10px&#8220; box_shadow_style=&#8220;preset1&#8243; box_shadow_color=&#8220;rgba(9,162,214,0.14)&#8220; global_colors_info=&#8220;{}&#8220; timeline_icon_color__hover_enabled=&#8220;on|hover&#8220; timeline_icon_color__hover=&#8220;#FFFFFF&#8220; ribbon_circle_color__hover_enabled=&#8220;on|hover&#8220; ribbon_circle_color__hover=&#8220;#825339&#8243;]<\/p>\n<p><strong>RM Tierphysio Ostfriesland<\/strong><br \/>Ramona Meints<br \/>Erfurter Stra\u00dfe 24<\/p>\n<p>26802 Moormerland<\/p>\n<p>[\/dipi_timeline_item][dipi_timeline_item admin_label=&#8220;Phone Number&#8220; title=&#8220;Telefonnummer&#8220; timeline_icon=&#8220;&#xe00b;||divi||400&#8243; timeline_icon_color=&#8220;#825339&#8243; ribbon_circle_color=&#8220;#F6F7FA&#8220; ribbon_use_icon_font_size=&#8220;on&#8220; timeline_icon_font_size=&#8220;19px&#8220; _builder_version=&#8220;4.17.4&#8243; _module_preset=&#8220;default&#8220; header_font=&#8220;Montserrat|700|||||||&#8220; header_text_color=&#8220;#081830&#8243; header_font_size=&#8220;20px&#8220; body_font=&#8220;Raleway||||||||&#8220; body_font_size=&#8220;14px&#8220; body_line_height=&#8220;1.6em&#8220; background_color=&#8220;#FFFFFF&#8220; background_enable_color=&#8220;on&#8220; border_radii=&#8220;on|10px|10px|10px|10px&#8220; box_shadow_style=&#8220;preset1&#8243; box_shadow_color=&#8220;rgba(9,162,214,0.14)&#8220; global_colors_info=&#8220;{}&#8220; timeline_icon_color__hover_enabled=&#8220;on|hover&#8220; timeline_icon_color__hover=&#8220;#FFFFFF&#8220; ribbon_circle_color__hover_enabled=&#8220;on|hover&#8220; ribbon_circle_color__hover=&#8220;#825339&#8243;]<\/p>\n<p><strong><a href=\"tel:+4917620043192\">+49 176 20043192<\/a><\/strong><\/p>\n<p>[\/dipi_timeline_item][dipi_timeline_item admin_label=&#8220;Get in touch&#8220; title=&#8220;Email&#8220; timeline_icon=&#8220;&#xe010;||divi||400&#8243; timeline_icon_color=&#8220;#825339&#8243; ribbon_circle_color=&#8220;#F6F7FA&#8220; ribbon_use_icon_font_size=&#8220;on&#8220; timeline_icon_font_size=&#8220;19px&#8220; _builder_version=&#8220;4.17.4&#8243; _module_preset=&#8220;default&#8220; header_font=&#8220;Montserrat|700|||||||&#8220; header_text_color=&#8220;#081830&#8243; header_font_size=&#8220;20px&#8220; body_font=&#8220;Raleway||||||||&#8220; body_font_size=&#8220;14px&#8220; body_line_height=&#8220;1.6em&#8220; background_color=&#8220;#FFFFFF&#8220; background_enable_color=&#8220;on&#8220; custom_css_timeline_item_button=&#8220;float:right;&#8220; border_radii=&#8220;on|10px|10px|10px|10px&#8220; box_shadow_style=&#8220;preset1&#8243; box_shadow_color=&#8220;rgba(9,162,214,0.14)&#8220; global_colors_info=&#8220;{}&#8220; timeline_icon_color__hover_enabled=&#8220;on|hover&#8220; timeline_icon_color__hover=&#8220;#FFFFFF&#8220; ribbon_circle_color__hover_enabled=&#8220;on|hover&#8220; ribbon_circle_color__hover=&#8220;#825339&#8243; button_icon_color__hover_enabled=&#8220;on|hover&#8220; button_icon_color__hover=&#8220;rgba(22,52,127,0.41)&#8220; button_text_color__hover_enabled=&#8220;on|hover&#8220; button_text_color__hover=&#8220;rgba(22,52,127,0.43)&#8220; button_bg_color__hover_enabled=&#8220;on|desktop&#8220; button_bg_color__hover=&#8220;rgba(22,52,127,0.08)&#8220; button_bg_enable_color__hover=&#8220;on&#8220;]<\/p>\n<p><strong><a href=\"mailto:rm.tierphysio.ostfriesland@gmail.com\">rm.tierphysio.ostfriesland@gmail.com<\/a><\/strong><\/p>\n<p>[\/dipi_timeline_item][\/dipi_timeline][\/et_pb_column][et_pb_column type=&#8220;1_2&#8243; module_class=&#8220;dp-vertical-align&#8220; _builder_version=&#8220;4.16&#8243; _module_preset=&#8220;default&#8220; background_color=&#8220;#F6FBFD&#8220; custom_padding=&#8220;||||false|false&#8220; border_radii=&#8220;on|10px|10px|10px|10px&#8220; global_colors_info=&#8220;{}&#8220;][et_pb_blurb image=&#8220;https:\/\/rm-tierphysio-ostfriesland.de\/wp-content\/uploads\/2021\/07\/md-icon-color-26.svg&#8220; icon_placement=&#8220;left&#8220; image_icon_width=&#8220;60px&#8220; _builder_version=&#8220;4.17.4&#8243; _module_preset=&#8220;default&#8220; body_font=&#8220;Montserrat|600|||||||&#8220; body_text_color=&#8220;#081830&#8243; body_line_height=&#8220;1.5em&#8220; background_color=&#8220;#F6FBFD&#8220; custom_padding=&#8220;10px||20px||false|false&#8220; custom_padding_tablet=&#8220;&#8220; custom_padding_phone=&#8220;10px|20px|20px|20px|false|false&#8220; custom_padding_last_edited=&#8220;on|phone&#8220; body_font_size_tablet=&#8220;&#8220; body_font_size_phone=&#8220;14px&#8220; body_font_size_last_edited=&#8220;on|phone&#8220; custom_css_blurb_content=&#8220;margin-top: 20px;&#8220; image_max_width=&#8220;60px&#8220; global_colors_info=&#8220;{}&#8220;]<\/p>\n<p>Nehmen Sie gerne Kontakt mit mir auf. Ich werde mich schnellst m\u00f6glich bei Ihnen melden<\/p>\n<p>[\/et_pb_blurb][et_pb_contact_form captcha=&#8220;off&#8220; email=&#8220;rm.tierphysio.ostfriesland@gmail.com&#8220; custom_message=&#8220;**** Kontaktanfrage Homepage ****||et_pb_line_break_holder||||et_pb_line_break_holder||Name:  %%name%%||et_pb_line_break_holder||Email:  %%email%%||et_pb_line_break_holder||Telefon:  %%phone%%||et_pb_line_break_holder||||et_pb_line_break_holder||Nachricht:||et_pb_line_break_holder||||et_pb_line_break_holder||%%message%%&#8220; success_message=&#8220;*** Vielen Dank f\u00fcr Ihre Nachricht &#8211; Ich werde mich schnellst m\u00f6glich bei Ihnen melden ***&#8220; submit_button_text=&#8220;Nachricht senden&#8220; _builder_version=&#8220;4.18.0&#8243; _module_preset=&#8220;default&#8220; form_field_background_color=&#8220;#FFFFFF&#8220; form_field_text_color=&#8220;rgba(31,31,31,0.6)&#8220; form_field_focus_background_color=&#8220;#FFFFFF&#8220; form_field_focus_text_color=&#8220;#1F1F1F&#8220; form_field_custom_padding=&#8220;20px|20px|20px|20px|false|false&#8220; form_field_font=&#8220;Poppins|||on|||||&#8220; background_color=&#8220;RGBA(0,0,0,0)&#8220; custom_button=&#8220;on&#8220; button_text_size=&#8220;16px&#8220; button_text_color=&#8220;#FFFFFF&#8220; button_bg_color=&#8220;#825339&#8243; button_border_color=&#8220;RGBA(255,255,255,0)&#8220; custom_padding=&#8220;|30px|40px|30px|false|false&#8220; button_text_size_tablet=&#8220;&#8220; button_text_size_phone=&#8220;14px&#8220; button_text_size_last_edited=&#8220;on|phone&#8220; custom_css_contact_button=&#8220;margin-top: 30px;&#8220; custom_css_captcha_field=&#8220;margin-top: 30px;&#8220; global_colors_info=&#8220;{}&#8220;][et_pb_contact_field field_id=&#8220;Name&#8220; field_title=&#8220;name * &#8220; _builder_version=&#8220;4.18.0&#8243; global_colors_info=&#8220;{}&#8220; button_text_size__hover_enabled=&#8220;off&#8220; button_one_text_size__hover_enabled=&#8220;off&#8220; button_two_text_size__hover_enabled=&#8220;off&#8220; button_text_color__hover_enabled=&#8220;off&#8220; button_one_text_color__hover_enabled=&#8220;off&#8220; button_two_text_color__hover_enabled=&#8220;off&#8220; button_border_width__hover_enabled=&#8220;off&#8220; button_one_border_width__hover_enabled=&#8220;off&#8220; button_two_border_width__hover_enabled=&#8220;off&#8220; button_border_color__hover_enabled=&#8220;off&#8220; button_one_border_color__hover_enabled=&#8220;off&#8220; button_two_border_color__hover_enabled=&#8220;off&#8220; button_border_radius__hover_enabled=&#8220;off&#8220; button_one_border_radius__hover_enabled=&#8220;off&#8220; button_two_border_radius__hover_enabled=&#8220;off&#8220; button_letter_spacing__hover_enabled=&#8220;off&#8220; button_one_letter_spacing__hover_enabled=&#8220;off&#8220; button_two_letter_spacing__hover_enabled=&#8220;off&#8220; button_bg_color__hover_enabled=&#8220;off&#8220; button_one_bg_color__hover_enabled=&#8220;off&#8220; button_two_bg_color__hover_enabled=&#8220;off&#8220;][\/et_pb_contact_field][et_pb_contact_field field_id=&#8220;Email&#8220; field_title=&#8220;Email Adresse *&#8220; field_type=&#8220;email&#8220; _builder_version=&#8220;4.17.4&#8243; global_colors_info=&#8220;{}&#8220; button_text_size__hover_enabled=&#8220;off&#8220; button_one_text_size__hover_enabled=&#8220;off&#8220; button_two_text_size__hover_enabled=&#8220;off&#8220; button_text_color__hover_enabled=&#8220;off&#8220; button_one_text_color__hover_enabled=&#8220;off&#8220; button_two_text_color__hover_enabled=&#8220;off&#8220; button_border_width__hover_enabled=&#8220;off&#8220; button_one_border_width__hover_enabled=&#8220;off&#8220; button_two_border_width__hover_enabled=&#8220;off&#8220; button_border_color__hover_enabled=&#8220;off&#8220; button_one_border_color__hover_enabled=&#8220;off&#8220; button_two_border_color__hover_enabled=&#8220;off&#8220; button_border_radius__hover_enabled=&#8220;off&#8220; button_one_border_radius__hover_enabled=&#8220;off&#8220; button_two_border_radius__hover_enabled=&#8220;off&#8220; button_letter_spacing__hover_enabled=&#8220;off&#8220; button_one_letter_spacing__hover_enabled=&#8220;off&#8220; button_two_letter_spacing__hover_enabled=&#8220;off&#8220; button_bg_color__hover_enabled=&#8220;off&#8220; button_one_bg_color__hover_enabled=&#8220;off&#8220; button_two_bg_color__hover_enabled=&#8220;off&#8220;][\/et_pb_contact_field][et_pb_contact_field field_id=&#8220;phone&#8220; field_title=&#8220;Telefonnummer&#8220; required_mark=&#8220;off&#8220; _builder_version=&#8220;4.17.4&#8243; global_colors_info=&#8220;{}&#8220; button_text_size__hover_enabled=&#8220;off&#8220; button_one_text_size__hover_enabled=&#8220;off&#8220; button_two_text_size__hover_enabled=&#8220;off&#8220; button_text_color__hover_enabled=&#8220;off&#8220; button_one_text_color__hover_enabled=&#8220;off&#8220; button_two_text_color__hover_enabled=&#8220;off&#8220; button_border_width__hover_enabled=&#8220;off&#8220; button_one_border_width__hover_enabled=&#8220;off&#8220; button_two_border_width__hover_enabled=&#8220;off&#8220; button_border_color__hover_enabled=&#8220;off&#8220; button_one_border_color__hover_enabled=&#8220;off&#8220; button_two_border_color__hover_enabled=&#8220;off&#8220; button_border_radius__hover_enabled=&#8220;off&#8220; button_one_border_radius__hover_enabled=&#8220;off&#8220; button_two_border_radius__hover_enabled=&#8220;off&#8220; button_letter_spacing__hover_enabled=&#8220;off&#8220; button_one_letter_spacing__hover_enabled=&#8220;off&#8220; button_two_letter_spacing__hover_enabled=&#8220;off&#8220; button_bg_color__hover_enabled=&#8220;off&#8220; button_one_bg_color__hover_enabled=&#8220;off&#8220; button_two_bg_color__hover_enabled=&#8220;off&#8220;][\/et_pb_contact_field][et_pb_contact_field field_id=&#8220;Message&#8220; field_title=&#8220;Ihre Nachricht an mich *&#8220; field_type=&#8220;text&#8220; required_mark=&#8220;off&#8220; fullwidth_field=&#8220;on&#8220; _builder_version=&#8220;4.18.0&#8243; global_colors_info=&#8220;{}&#8220; button_text_size__hover_enabled=&#8220;off&#8220; button_one_text_size__hover_enabled=&#8220;off&#8220; button_two_text_size__hover_enabled=&#8220;off&#8220; button_text_color__hover_enabled=&#8220;off&#8220; button_one_text_color__hover_enabled=&#8220;off&#8220; button_two_text_color__hover_enabled=&#8220;off&#8220; button_border_width__hover_enabled=&#8220;off&#8220; button_one_border_width__hover_enabled=&#8220;off&#8220; button_two_border_width__hover_enabled=&#8220;off&#8220; button_border_color__hover_enabled=&#8220;off&#8220; button_one_border_color__hover_enabled=&#8220;off&#8220; button_two_border_color__hover_enabled=&#8220;off&#8220; button_border_radius__hover_enabled=&#8220;off&#8220; button_one_border_radius__hover_enabled=&#8220;off&#8220; button_two_border_radius__hover_enabled=&#8220;off&#8220; button_letter_spacing__hover_enabled=&#8220;off&#8220; button_one_letter_spacing__hover_enabled=&#8220;off&#8220; button_two_letter_spacing__hover_enabled=&#8220;off&#8220; button_bg_color__hover_enabled=&#8220;off&#8220; button_one_bg_color__hover_enabled=&#8220;off&#8220; button_two_bg_color__hover_enabled=&#8220;off&#8220;][\/et_pb_contact_field][et_pb_contact_field field_id=&#8220;Field_5&#8243; field_title=&#8220; &#8220; field_type=&#8220;checkbox&#8220; checkbox_options=&#8220;%91{%22value%22:%22  Ich habe die Datenschutzerkl\u00e4rung zur Kenntnis genommen. Ich stimme zu, dass meine Angaben zur Kontaktaufnahme und f\u00fcr R\u00fcckfragen gespeichert werden. %22,%22checked%22:0,%22dragID%22:-1,%22link_url%22:%22https:\/\/rm-tierphysio-ostfriesland.de\/index.php\/datenschutz\/%22,%22link_text%22:%22%22}%93&#8243; fullwidth_field=&#8220;on&#8220; _builder_version=&#8220;4.18.0&#8243; _module_preset=&#8220;default&#8220; form_field_background_color=&#8220;#c6c6c6&#8243; form_field_font=&#8220;Poppins||||||||&#8220; form_field_font_size=&#8220;13px&#8220; global_colors_info=&#8220;{}&#8220;][\/et_pb_contact_field][\/et_pb_contact_form][\/et_pb_column][\/et_pb_row][\/et_pb_section]<\/p>\n","protected":false},"excerpt":{"rendered":"<p>&nbsp; &nbsp; &nbsp;RM-Tierphysio Ostfriesland<div class=\"et_pb_module dipi_timeline dipi_timeline_0\">\n\t\t\t\t\n\t\t\t\t\n\t\t\t\t\n\t\t\t\t\n\t\t\t\t\n\t\t\t\t\n\t\t\t\t<div class=\"et_pb_module_inner\">\n\t\t\t\t\t<div class=\"dipi_timeline_custom_classes dipi_timeline_layout_right dipi_timeline_layout_right_tablet dipi_timeline_layout_right_phone startpos-left\">\n        <div class=\"dipi_timeline_container\">\n          <div class=\"dipi-timeline-items\"><\/div>\n          <div class=\"dipi-timeline-line\"><\/div><div class=\"dipi-timeline-line__active\"><\/div>\n        <\/div>\n      <\/div>\n      \n\t\t\t\t<\/div>\n\t\t\t<\/div><div class=\"et_pb_module dipi_timeline_item dipi_timeline_item_0\">\n\t\t\t\t\n\t\t\t\t\n\t\t\t\t\n\t\t\t\t\n\t\t\t\t\n\t\t\t\t\n\t\t\t\t<div class=\"et_pb_module_inner\">\n\t\t\t\t\t<div class=\"dipi_timeline_item_custom_classes dipi_timeline_item_position_top et_pb_bg_layout_ \" data-config=\"{&quot;anim_name&quot;:&quot;fadeIn&quot;,&quot;anim_start_viewport&quot;:&quot;75%&quot;} \">\n        <div class=\"dipi_timeline_item_container\">\n          <div class=\"dipi_timeline_ribbon\"><\/div>\n          <div class=\"et_pb_image_wrap ribbon-icon-wrap\"><span class=\"et_pb_icon_wrap\"><span class=\"ribbon-icon ribbon-icon-circle\">\ue01d<\/span><\/span><\/div>\n          <div class=\"dipi_timeline_item_card-wrap  need_animation \">\n            <div class=\"dipi_timeline_item_card\">\n              \n              <div class=\"dipi_timeline_item_content\">\n                <div class=\"dipi_timeline_ribbon\"><\/div>\n                <div class=\"dipi_timeline_item_content_text\">\n                  <h4 class=\"dipi_timeline_item_header\"><span>Addresse<\/span><\/h4>\n                  <div class=\"dipi_timeline_item_description\">RM Tierphysio OstfrieslandRamona MeintsErfurter Stra\u00dfe 24 26802 Moormerland<\/div>\n                <\/div>\n                \n              <\/div> <!-- .dipi_timeline_item_content -->\n            <\/div> <!-- .dipi_timeline_item_card -->\n          <\/div>\n        <\/div>\n      <\/div>\n\t\t\n\t\t\t\t<\/div>\n\t\t\t<\/div><div class=\"et_pb_module dipi_timeline_item dipi_timeline_item_1\">\n\t\t\t\t\n\t\t\t\t\n\t\t\t\t\n\t\t\t\t\n\t\t\t\t\n\t\t\t\t\n\t\t\t\t<div class=\"et_pb_module_inner\">\n\t\t\t\t\t<div class=\"dipi_timeline_item_custom_classes dipi_timeline_item_position_top et_pb_bg_layout_ \" data-config=\"{&quot;anim_name&quot;:&quot;fadeIn&quot;,&quot;anim_start_viewport&quot;:&quot;75%&quot;} \">\n        <div class=\"dipi_timeline_item_container\">\n          <div class=\"dipi_timeline_ribbon\"><\/div>\n          <div class=\"et_pb_image_wrap ribbon-icon-wrap\"><span class=\"et_pb_icon_wrap\"><span class=\"ribbon-icon ribbon-icon-circle\">L<\/span><\/span><\/div>\n          <div class=\"dipi_timeline_item_card-wrap  need_animation \">\n            <div class=\"dipi_timeline_item_card\">\n              \n              <div class=\"dipi_timeline_item_content\">\n                <div class=\"dipi_timeline_ribbon\"><\/div>\n                <div class=\"dipi_timeline_item_content_text\">\n                  \n                  \n                <\/div>\n                \n              <\/div> <!-- .dipi_timeline_item_content -->\n            <\/div> <!-- .dipi_timeline_item_card -->\n          <\/div>\n        <\/div>\n      <\/div>\n\t\t\n\t\t\t\t<\/div>\n\t\t\t<\/div><\/p>\n","protected":false},"author":1,"featured_media":0,"parent":0,"menu_order":0,"comment_status":"closed","ping_status":"closed","template":"","meta":{"_et_pb_use_builder":"on","_et_pb_old_content":"<!-- wp:divi\/placeholder \/-->","_et_gb_content_width":"","footnotes":""},"dipi_cpt_category":[],"class_list":["post-242502","page","type-page","status-publish","hentry"],"_links":{"self":[{"href":"https:\/\/rm-tierphysio-ostfriesland.de\/index.php\/wp-json\/wp\/v2\/pages\/242502","targetHints":{"allow":["GET"]}}],"collection":[{"href":"https:\/\/rm-tierphysio-ostfriesland.de\/index.php\/wp-json\/wp\/v2\/pages"}],"about":[{"href":"https:\/\/rm-tierphysio-ostfriesland.de\/index.php\/wp-json\/wp\/v2\/types\/page"}],"author":[{"embeddable":true,"href":"https:\/\/rm-tierphysio-ostfriesland.de\/index.php\/wp-json\/wp\/v2\/users\/1"}],"replies":[{"embeddable":true,"href":"https:\/\/rm-tierphysio-ostfriesland.de\/index.php\/wp-json\/wp\/v2\/comments?post=242502"}],"version-history":[{"count":16,"href":"https:\/\/rm-tierphysio-ostfriesland.de\/index.php\/wp-json\/wp\/v2\/pages\/242502\/revisions"}],"predecessor-version":[{"id":242784,"href":"https:\/\/rm-tierphysio-ostfriesland.de\/index.php\/wp-json\/wp\/v2\/pages\/242502\/revisions\/242784"}],"wp:attachment":[{"href":"https:\/\/rm-tierphysio-ostfriesland.de\/index.php\/wp-json\/wp\/v2\/media?parent=242502"}],"wp:term":[{"taxonomy":"dipi_cpt_category","embeddable":true,"href":"https:\/\/rm-tierphysio-ostfriesland.de\/index.php\/wp-json\/wp\/v2\/dipi_cpt_category?post=242502"}],"curies":[{"name":"wp","href":"https:\/\/api.w.org\/{rel}","templated":true}]}}