{"id":242495,"date":"2022-06-10T12:30:58","date_gmt":"2022-06-10T12:30:58","guid":{"rendered":"https:\/\/www.rm-tierphysio-ostfriesland.de\/?page_id=242495"},"modified":"2024-11-04T10:32:58","modified_gmt":"2024-11-04T09:32:58","slug":"pferd-reiter","status":"publish","type":"page","link":"https:\/\/rm-tierphysio-ostfriesland.de\/index.php\/pferd-reiter\/","title":{"rendered":"Pferd &#038; Reiter"},"content":{"rendered":"<p>[et_pb_section fb_built=&#8220;1&#8243; custom_padding_last_edited=&#8220;on|desktop&#8220; _builder_version=&#8220;4.17.6&#8243; background_image=&#8220;https:\/\/rm-tierphysio-ostfriesland.de\/wp-content\/uploads\/2022\/07\/Uebermich-scaled.jpg&#8220; background_position=&#8220;top_center&#8220; background_vertical_offset=&#8220;22%&#8220; custom_padding=&#8220;15vh||20vh||false|false&#8220; custom_padding_tablet=&#8220;20vh||||false|false&#8220; custom_padding_phone=&#8220;5vh||10vh||false|false&#8220; bottom_divider_style=&#8220;curve2&#8243; bottom_divider_color=&#8220;#FFFFFF&#8220; bottom_divider_height=&#8220;200px&#8220; bottom_divider_repeat=&#8220;0x&#8220; bottom_divider_height_tablet=&#8220;120px&#8220; bottom_divider_height_phone=&#8220;60px&#8220; bottom_divider_height_last_edited=&#8220;on|phone&#8220; background_last_edited=&#8220;on|desktop&#8220; background_color_gradient_stops_tablet=&#8220;rgba(38,61,123,0.95) 0%|rgba(9,162,214,0.33) 100%&#8220; background_color_gradient_stops_phone=&#8220;rgba(38,61,123,0.95) 0%|rgba(9,162,214,0.33) 100%&#8220; background_color_gradient_start_position_tablet=&#8220;0%&#8220; background_color_gradient_end_position_tablet=&#8220;100%&#8220; background_color_gradient_end_position_phone=&#8220;100%&#8220; background_position_tablet=&#8220;top_right&#8220; background_position_phone=&#8220;top_left&#8220; background_horizontal_offset_tablet=&#8220;93%&#8220; background_horizontal_offset_phone=&#8220;32%&#8220; background_vertical_offset_tablet=&#8220;22%&#8220; global_colors_info=&#8220;{}&#8220;][et_pb_row _builder_version=&#8220;4.16&#8243; _module_preset=&#8220;default&#8220; global_colors_info=&#8220;{}&#8220;][et_pb_column type=&#8220;4_4&#8243; _builder_version=&#8220;4.16&#8243; _module_preset=&#8220;default&#8220; global_colors_info=&#8220;{}&#8220;][et_pb_cta _builder_version=&#8220;4.17.6&#8243; _module_preset=&#8220;default&#8220; header_font=&#8220;Raleway|300|||||||&#8220; header_text_color=&#8220;#F6FBFD&#8220; header_font_size=&#8220;40px&#8220; body_font=&#8220;Montserrat|700|||||||&#8220; body_font_size=&#8220;65px&#8220; body_line_height=&#8220;0em&#8220; background_color=&#8220;RGBA(0,0,0,0)&#8220; custom_button=&#8220;on&#8220; button_bg_color=&#8220;#09A2D6&#8243; button_border_color=&#8220;#09A2D6&#8243; text_orientation=&#8220;left&#8220; max_width=&#8220;700px&#8220; custom_margin=&#8220;||0px||false|false&#8220; custom_padding=&#8220;|||0px|false|false&#8220; header_font_size_tablet=&#8220;&#8220; header_font_size_phone=&#8220;27px&#8220; header_font_size_last_edited=&#8220;on|phone&#8220; body_font_size_tablet=&#8220;70px&#8220; body_font_size_phone=&#8220;41px&#8220; body_font_size_last_edited=&#8220;on|tablet&#8220; global_colors_info=&#8220;{}&#8220; button_border_color__hover_enabled=&#8220;on|hover&#8220; button_border_color__hover=&#8220;#09A2D6&#8243;]<\/p>\n<h4 style=\"text-align: left;\"><\/h4>\n<p>&nbsp;<\/p>\n<p>&nbsp;<\/p>\n<p>&nbsp;<\/p>\n<p>&nbsp;<\/p>\n<p>&nbsp;<\/p>\n<p>[\/et_pb_cta][\/et_pb_column][\/et_pb_row][\/et_pb_section][et_pb_section fb_built=&#8220;1&#8243; custom_padding_last_edited=&#8220;on|phone&#8220; _builder_version=&#8220;4.16&#8243; _module_preset=&#8220;default&#8220; background_image=&#8220;https:\/\/rm-tierphysio-ostfriesland.de\/wp-content\/uploads\/2021\/07\/medical-shape-01.svg&#8220; background_size=&#8220;contain&#8220; background_position=&#8220;top_left&#8220; custom_padding=&#8220;100px|||||&#8220; custom_padding_tablet=&#8220;40px||||false|false&#8220; custom_padding_phone=&#8220;&#8220; global_colors_info=&#8220;{}&#8220;][et_pb_row _builder_version=&#8220;4.17.4&#8243; _module_preset=&#8220;default&#8220; custom_margin=&#8220;-104px||||false|false&#8220; custom_margin_tablet=&#8220;-104px||||false|false&#8220; custom_margin_phone=&#8220;-104px||||false|false&#8220; custom_margin_last_edited=&#8220;on|desktop&#8220; global_colors_info=&#8220;{}&#8220;][et_pb_column type=&#8220;4_4&#8243; _builder_version=&#8220;4.17.4&#8243; _module_preset=&#8220;default&#8220; global_colors_info=&#8220;{}&#8220;][et_pb_text _builder_version=&#8220;4.17.6&#8243; _module_preset=&#8220;default&#8220; header_2_text_color=&#8220;#97c21b&#8220; header_2_font_size=&#8220;42px&#8220; header_6_text_color=&#8220;#97c21b&#8220; max_width=&#8220;1000px&#8220; max_width_tablet=&#8220;1000px&#8220; max_width_phone=&#8220;1000px&#8220; max_width_last_edited=&#8220;on|desktop&#8220; module_alignment=&#8220;center&#8220; text_font_size_tablet=&#8220;&#8220; text_font_size_phone=&#8220;15px&#8220; text_font_size_last_edited=&#8220;on|phone&#8220; text_line_height_tablet=&#8220;&#8220; text_line_height_phone=&#8220;1.7em&#8220; text_line_height_last_edited=&#8220;on|phone&#8220; header_2_font_size_tablet=&#8220;40px&#8220; header_2_font_size_phone=&#8220;32px&#8220; header_2_font_size_last_edited=&#8220;on|phone&#8220; global_colors_info=&#8220;{}&#8220;]<\/p>\n<p>&nbsp;<\/p>\n<p>&nbsp;<\/p>\n<h6>Physiotherapeutische &amp; osteopathische Behandlungen f\u00fcr Pferd und Reiter<\/h6>\n<p>[\/et_pb_text][\/et_pb_column][\/et_pb_row][et_pb_row column_structure=&#8220;2_3,1_3&#8243; _builder_version=&#8220;4.17.4&#8243; _module_preset=&#8220;default&#8220; global_colors_info=&#8220;{}&#8220;][et_pb_column type=&#8220;2_3&#8243; _builder_version=&#8220;4.17.4&#8243; _module_preset=&#8220;default&#8220; global_colors_info=&#8220;{}&#8220;][et_pb_text _builder_version=&#8220;4.17.6&#8243; _module_preset=&#8220;default&#8220; hover_enabled=&#8220;0&#8243; global_colors_info=&#8220;{}&#8220; sticky_enabled=&#8220;0&#8243;]<\/p>\n<p><strong>Eine ganzheitliche &amp; kombinierte Behandlung zwischen Pferd &amp; Reiter ist f\u00fcr den Bewegungsapparat unverzichtbar. Blockierte Wirbel und Gelenke mit muskul\u00e4ren Dysbalancen \u00fcbertragen sich vom Pferd auf den Reiter und umgekehrt.<\/strong><\/p>\n<p><span style=\"text-decoration: underline;\"><strong>Physiotherapie<\/strong><\/span><\/p>\n<ul>\n<li style=\"list-style-type: none;\">\n<ul>\n<li>Gangbildanalyse \/ Lahmheitsdiagnostik<\/li>\n<li>Ausr\u00fcstungscheck<\/li>\n<li>L\u00f6sen blockierter Wirbel und Gelenke<\/li>\n<li>Faszienbehandlung<\/li>\n<li>Muskul\u00e4re Dysbalancen beheben<\/li>\n<li>Stresspunktmassage<\/li>\n<li>Trainingsplan individuell entwickeln<\/li>\n<\/ul>\n<\/li>\n<\/ul>\n<p style=\"text-align: left;\"><span style=\"text-decoration: underline;\"><strong>Osteopathie<\/strong><\/span><span style=\"text-decoration: underline;\"><strong><\/strong><\/span><\/p>\n<ul>\n<li style=\"list-style-type: none;\">\n<ul>\n<li style=\"text-align: left;\"><strong>Viszerales System<\/strong> (Innere Organe in Brust- Bauch- und Beckenraum)<\/li>\n<li><strong>Parietales System<\/strong> (Bewegungsapparat mit Knochen, Sehnen, Muskeln, B\u00e4ndern und Gelenken)<\/li>\n<li><strong>Kraniosakrales System<\/strong> (Sch\u00e4del, Kreuzbein, Wirbels\u00e4ule, Nervensystem und dessen H\u00fcllen, Hirnh\u00e4ute, Hirn- und R\u00fcckenmarksfl\u00fcssigkeit)<\/li>\n<\/ul>\n<\/li>\n<\/ul>\n<p><span style=\"text-decoration: underline;\"><strong>Weiterf\u00fchrendes Therapieangebot<\/strong><\/span><\/p>\n<p><span style=\"text-decoration: underline;\"><strong><\/strong><\/span><\/p>\n<ul>\n<li style=\"list-style-type: none;\">\n<ul>\n<li style=\"text-align: left;\">Dry Needling<\/li>\n<li style=\"text-align: left;\">Kinesio \u2013 Tape<\/li>\n<li style=\"text-align: left;\">Naturheilkunde<\/li>\n<\/ul>\n<\/li>\n<\/ul>\n<p>[\/et_pb_text][\/et_pb_column][et_pb_column type=&#8220;1_3&#8243; _builder_version=&#8220;4.17.4&#8243; _module_preset=&#8220;default&#8220; global_colors_info=&#8220;{}&#8220;][et_pb_image src=&#8220;https:\/\/rm-tierphysio-ostfriesland.de\/wp-content\/uploads\/2022\/07\/Slider1-scaled.jpg&#8220; title_text=&#8220;Slider1&#8243; _builder_version=&#8220;4.17.4&#8243; _module_preset=&#8220;default&#8220; border_radii=&#8220;on|25px|25px|25px|25px&#8220; global_colors_info=&#8220;{}&#8220;][\/et_pb_image][et_pb_image src=&#8220;https:\/\/rm-tierphysio-ostfriesland.de\/wp-content\/uploads\/2022\/07\/Slider2.-scaled.jpg&#8220; title_text=&#8220;Slider2.&#8220; _builder_version=&#8220;4.17.4&#8243; _module_preset=&#8220;default&#8220; border_radii=&#8220;on|25px|25px|25px|25px&#8220; global_colors_info=&#8220;{}&#8220;][\/et_pb_image][et_pb_image src=&#8220;https:\/\/rm-tierphysio-ostfriesland.de\/wp-content\/uploads\/2022\/07\/Slider3-scaled.jpg&#8220; title_text=&#8220;Slider3&#8243; _builder_version=&#8220;4.17.4&#8243; _module_preset=&#8220;default&#8220; border_radii=&#8220;on|25px|25px|25px|25px&#8220; global_colors_info=&#8220;{}&#8220;][\/et_pb_image][\/et_pb_column][\/et_pb_row][\/et_pb_section]<\/p>\n","protected":false},"excerpt":{"rendered":"<p>&nbsp; &nbsp; &nbsp; &nbsp; &nbsp;&nbsp; &nbsp; Physiotherapeutische &amp; osteopathische Behandlungen f\u00fcr Pferd und ReiterEine ganzheitliche &amp; kombinierte Behandlung zwischen Pferd &amp; Reiter ist f\u00fcr den Bewegungsapparat unverzichtbar. Blockierte Wirbel und Gelenke mit muskul\u00e4ren Dysbalancen \u00fcbertragen sich vom Pferd auf den Reiter und umgekehrt. Physiotherapie Gangbildanalyse \/ Lahmheitsdiagnostik Ausr\u00fcstungscheck L\u00f6sen blockierter Wirbel und Gelenke Faszienbehandlung Muskul\u00e4re [&hellip;]<\/p>\n","protected":false},"author":1,"featured_media":0,"parent":0,"menu_order":0,"comment_status":"closed","ping_status":"closed","template":"","meta":{"_et_pb_use_builder":"on","_et_pb_old_content":"","_et_gb_content_width":"","footnotes":""},"dipi_cpt_category":[],"class_list":["post-242495","page","type-page","status-publish","hentry"],"_links":{"self":[{"href":"https:\/\/rm-tierphysio-ostfriesland.de\/index.php\/wp-json\/wp\/v2\/pages\/242495","targetHints":{"allow":["GET"]}}],"collection":[{"href":"https:\/\/rm-tierphysio-ostfriesland.de\/index.php\/wp-json\/wp\/v2\/pages"}],"about":[{"href":"https:\/\/rm-tierphysio-ostfriesland.de\/index.php\/wp-json\/wp\/v2\/types\/page"}],"author":[{"embeddable":true,"href":"https:\/\/rm-tierphysio-ostfriesland.de\/index.php\/wp-json\/wp\/v2\/users\/1"}],"replies":[{"embeddable":true,"href":"https:\/\/rm-tierphysio-ostfriesland.de\/index.php\/wp-json\/wp\/v2\/comments?post=242495"}],"version-history":[{"count":34,"href":"https:\/\/rm-tierphysio-ostfriesland.de\/index.php\/wp-json\/wp\/v2\/pages\/242495\/revisions"}],"predecessor-version":[{"id":242798,"href":"https:\/\/rm-tierphysio-ostfriesland.de\/index.php\/wp-json\/wp\/v2\/pages\/242495\/revisions\/242798"}],"wp:attachment":[{"href":"https:\/\/rm-tierphysio-ostfriesland.de\/index.php\/wp-json\/wp\/v2\/media?parent=242495"}],"wp:term":[{"taxonomy":"dipi_cpt_category","embeddable":true,"href":"https:\/\/rm-tierphysio-ostfriesland.de\/index.php\/wp-json\/wp\/v2\/dipi_cpt_category?post=242495"}],"curies":[{"name":"wp","href":"https:\/\/api.w.org\/{rel}","templated":true}]}}