{"id":242431,"date":"2021-07-13T12:16:02","date_gmt":"2021-07-13T12:16:02","guid":{"rendered":"https:\/\/demo.divi-pixel.com\/medical\/?page_id=2"},"modified":"2025-12-15T11:40:13","modified_gmt":"2025-12-15T10:40:13","slug":"homepage","status":"publish","type":"page","link":"https:\/\/rm-tierphysio-ostfriesland.de\/","title":{"rendered":"Home"},"content":{"rendered":"<p>[et_pb_section fb_built=&#8220;1&#8243; custom_padding_last_edited=&#8220;on|phone&#8220; _builder_version=&#8220;4.17.6&#8243; use_background_color_gradient=&#8220;on&#8220; background_color_gradient_direction=&#8220;90deg&#8220; background_color_gradient_stops=&#8220;#825339 0%|rgba(9,162,214,0) 70%&#8220; background_color_gradient_overlays_image=&#8220;on&#8220; background_color_gradient_start=&#8220;rgba(38,61,123,0.9)&#8220; background_color_gradient_end=&#8220;rgba(9,162,214,0)&#8220; background_color_gradient_end_position=&#8220;70%&#8220; background_image=&#8220;https:\/\/rm-tierphysio-ostfriesland.de\/wp-content\/uploads\/2022\/07\/Titelbild-scaled.jpg&#8220; background_position=&#8220;top_right&#8220; background_vertical_offset=&#8220;12%&#8220; width=&#8220;100%&#8220; max_width=&#8220;100%&#8220; min_height=&#8220;521px&#8220; height=&#8220;514px&#8220; max_height=&#8220;499px&#8220; custom_padding=&#8220;15vh||20vh||false|false&#8220; custom_padding_tablet=&#8220;20vh||||false|false&#8220; custom_padding_phone=&#8220;5vh||20vh||false|false&#8220; bottom_divider_style=&#8220;curve2&#8243; bottom_divider_color=&#8220;#FFFFFF&#8220; bottom_divider_height=&#8220;200px&#8220; bottom_divider_repeat=&#8220;0x&#8220; bottom_divider_height_tablet=&#8220;&#8220; bottom_divider_height_phone=&#8220;60px&#8220; bottom_divider_height_last_edited=&#8220;on|phone&#8220; animation_style=&#8220;fade&#8220; animation_duration=&#8220;2000ms&#8220; background_last_edited=&#8220;on|phone&#8220; use_background_color_gradient_phone=&#8220;on&#8220; background_color_gradient_stops_tablet=&#8220;rgba(38,61,123,0.9) 0%|rgba(9,162,214,0) 100%&#8220; background_color_gradient_stops_phone=&#8220;#825339 0%|rgba(9,162,214,0) 100%&#8220; background_color_gradient_start_position_tablet=&#8220;0%&#8220; background_color_gradient_end_position_tablet=&#8220;100%&#8220; background_color_gradient_end_position_phone=&#8220;100%&#8220; background_position_tablet=&#8220;top_right&#8220; background_position_phone=&#8220;top_left&#8220; background_horizontal_offset_tablet=&#8220;100%&#8220; background_horizontal_offset_phone=&#8220;14%&#8220; background_vertical_offset_phone=&#8220;-37%&#8220; global_colors_info=&#8220;{}&#8220;][et_pb_row custom_padding_last_edited=&#8220;on|phone&#8220; _builder_version=&#8220;4.16&#8243; _module_preset=&#8220;default&#8220; max_width=&#8220;1538px&#8220; custom_padding_tablet=&#8220;&#8220; custom_padding_phone=&#8220;||120px||false|false&#8220; global_colors_info=&#8220;{}&#8220;][et_pb_column type=&#8220;4_4&#8243; _builder_version=&#8220;4.16&#8243; _module_preset=&#8220;default&#8220; global_colors_info=&#8220;{}&#8220;][et_pb_text _builder_version=&#8220;4.27.2&#8243; _module_preset=&#8220;default&#8220; header_text_color=&#8220;#F6FBFD&#8220; header_3_font=&#8220;Poppins||||||||&#8220; header_3_text_color=&#8220;#FFFFFF&#8220; header_3_font_size=&#8220;48px&#8220; header_4_text_color=&#8220;#f6fbfd&#8220; header_6_text_color=&#8220;#F6FBFD&#8220; header_3_font_size_tablet=&#8220;48px&#8220; header_3_font_size_phone=&#8220;48px&#8220; header_3_font_size_last_edited=&#8220;on|desktop&#8220; header_3_text_shadow_style=&#8220;preset2&#8243; global_colors_info=&#8220;{}&#8220;]<\/p>\n<h4><\/h4>\n<h4><\/h4>\n<h6>Leidenschaft<\/h6>\n<h6>Vertrauen<\/h6>\n<h6>Perfektion<\/h6>\n<p>[\/et_pb_text][\/et_pb_column][\/et_pb_row][\/et_pb_section][et_pb_section fb_built=&#8220;1&#8243; _builder_version=&#8220;4.16&#8243; _module_preset=&#8220;default&#8220; background_image=&#8220;https:\/\/rm-tierphysio-ostfriesland.de\/wp-content\/uploads\/2021\/07\/medical-shape-01.svg&#8220; background_size=&#8220;contain&#8220; background_position=&#8220;top_left&#8220; custom_padding=&#8220;49px|||||&#8220; global_colors_info=&#8220;{}&#8220;][et_pb_row column_structure=&#8220;1_2,1_2&#8243; make_equal=&#8220;on&#8220; _builder_version=&#8220;4.16&#8243; _module_preset=&#8220;default&#8220; global_colors_info=&#8220;{}&#8220;][et_pb_column type=&#8220;1_2&#8243; module_class=&#8220;dp-vertical-align&#8220; _builder_version=&#8220;4.16&#8243; _module_preset=&#8220;default&#8220; global_colors_info=&#8220;{}&#8220;][et_pb_text _builder_version=&#8220;4.27.2&#8243; _module_preset=&#8220;default&#8220; text_font=&#8220;||||||||&#8220; header_text_color=&#8220;#97c21b&#8220; header_2_text_color=&#8220;#825339&#8243; header_3_text_color=&#8220;#97c21b&#8220; header_4_text_color=&#8220;#97c21b&#8220; max_width=&#8220;700px&#8220; module_alignment=&#8220;center&#8220; animation_style=&#8220;slide&#8220; text_font_size_tablet=&#8220;&#8220; text_font_size_phone=&#8220;15px&#8220; text_font_size_last_edited=&#8220;on|phone&#8220; text_line_height_tablet=&#8220;&#8220; text_line_height_phone=&#8220;1.7em&#8220; text_line_height_last_edited=&#8220;on|phone&#8220; header_2_font_size_tablet=&#8220;40px&#8220; header_2_font_size_phone=&#8220;32px&#8220; header_2_font_size_last_edited=&#8220;on|phone&#8220; global_colors_info=&#8220;{}&#8220;]<\/p>\n<h4 style=\"text-align: left;\">Herzlich Willkommen auf<\/h4>\n<h4 style=\"text-align: left;\">RM Tierphysio Ostfriesland<\/h4>\n<p>&nbsp;<\/p>\n<p style=\"text-align: left;\"><strong>Moin<\/strong>,<\/p>\n<p>mein Name ist Ramona Meints. Als geb\u00fcrtige Ostfriesin, 1994 in Leer geboren, begann mein Weg voller Leidenschaft zur Physiotherapie bereits im Alter von 16 Jahren. Nach drei Jahren intensiver Ausbildung schloss ich diese als staatlich gepr\u00fcfte Physiotherapeutin erfolgreich ab. Mit Vertrauen in meine F\u00e4higkeiten und einer stetigen Weiterentwicklung wurde mir schnell klar, dass ich in meinem Beruf nicht nur Arbeit, sondern meine wahre Berufung gefunden habe.<\/p>\n<p>Da Hunde und Pferde mich schon mein Leben lang begleiten und auch in diesen Bereichen ein gro\u00dfer Bedarf besteht, entschied ich mich, neben der menschlichen Physiotherapie eine Ausbildung zur Tierphysiotherapeutin und Osteopathin zu machen.<\/p>\n<p>Mit viel Leidenschaft und dem Anspruch an Perfektion habe ich meine Expertise st\u00e4ndig erweitert. Mein Leistungsspektrum umfasst mittlerweile auch die neue Magnetfeldtherapie f\u00fcr Hunde und Pferde, die ich gezielt zur F\u00f6rderung von Heilungsprozessen und zur Steigerung des Wohlbefindens einsetze. Besonders hervorzuheben ist meine kombinierte Behandlung mit Physiotherapie, Osteopathie und Magnetfeldtherapie, um bestm\u00f6gliche Ergebnisse zu erzielen und die ganzheitliche Gesundheit von Tier und Reiter zu f\u00f6rdern. So schaffe ich das Vertrauen, das notwendig ist, um umfassende und nachhaltige Erfolge zu sichern.<\/p>\n<p>Herzliche Gr\u00fc\u00dfe,<br \/>Ihre Ramona Meints<\/p>\n<p>&nbsp;<\/p>\n<p>[\/et_pb_text][\/et_pb_column][et_pb_column type=&#8220;1_2&#8243; module_class=&#8220;dp-vertical-align&#8220; _builder_version=&#8220;4.16&#8243; _module_preset=&#8220;default&#8220; global_colors_info=&#8220;{}&#8220;][dipi_image_mask image=&#8220;https:\/\/rm-tierphysio-ostfriesland.de\/wp-content\/uploads\/2022\/07\/Uebermich-scaled.jpg&#8220; shape=&#8220;Shape3&#8243; image_width=&#8220;119%&#8220; image_horz=&#8220;3&#8243; layer_1_enable=&#8220;on&#8220; layer_1_background_color=&#8220;#F6FBFD&#8220; layer_2_enable=&#8220;on&#8220; docration_element_1=&#8220;DottedCircle&#8220; layer_2_background_color=&#8220;#825339&#8243; layer_2_horz=&#8220;40%&#8220; layer_2_vert=&#8220;45%&#8220; layer_2_scale=&#8220;0.6&#8243; layer_2_rotate=&#8220;1&#8243; layer_3_enable=&#8220;on&#8220; docration_element_2=&#8220;FilledCircle&#8220; layer_3_background_color=&#8220;#82685b&#8220; layer_3_horz=&#8220;32%&#8220; layer_3_vert=&#8220;-33%&#8220; layer_3_scale=&#8220;0.1&#8243; _builder_version=&#8220;4.17.6&#8243; _module_preset=&#8220;default&#8220; global_colors_info=&#8220;{}&#8220;][\/dipi_image_mask][\/et_pb_column][\/et_pb_row][\/et_pb_section]<\/p>\n","protected":false},"excerpt":{"rendered":"<p>Leidenschaft Vertrauen PerfektionHerzlich Willkommen auf RM Tierphysio Ostfriesland &nbsp; Moin, mein Name ist Ramona Meints. Als geb\u00fcrtige Ostfriesin, 1994 in Leer geboren, begann mein Weg voller Leidenschaft zur Physiotherapie bereits im Alter von 16 Jahren. Nach drei Jahren intensiver Ausbildung schloss ich diese als staatlich gepr\u00fcfte Physiotherapeutin erfolgreich ab. Mit Vertrauen in meine F\u00e4higkeiten und [&hellip;]<\/p>\n","protected":false},"author":1,"featured_media":0,"parent":0,"menu_order":0,"comment_status":"closed","ping_status":"open","template":"","meta":{"_et_pb_use_builder":"on","_et_pb_old_content":"<!-- wp:paragraph -->\r\n<p>This is an example page. It's different from a blog post because it will stay in one place and will show up in your site navigation (in most themes). Most people start with an About page that introduces them to potential site visitors. It might say something like this:<\/p>\r\n<!-- \/wp:paragraph -->\r\n\r\n<!-- wp:quote -->\r\n<blockquote class=\"wp-block-quote\"><p>Hi there! I'm a bike messenger by day, aspiring actor by night, and this is my website. I live in Los Angeles, have a great dog named Jack, and I like pi\u00f1a coladas. (And gettin' caught in the rain.)<\/p><\/blockquote>\r\n<!-- \/wp:quote -->\r\n\r\n<!-- wp:paragraph -->\r\n<p>...or something like this:<\/p>\r\n<!-- \/wp:paragraph -->\r\n\r\n<!-- wp:quote -->\r\n<blockquote class=\"wp-block-quote\"><p>The XYZ Doohickey Company was founded in 1971, and has been providing quality doohickeys to the public ever since. Located in Gotham City, XYZ employs over 2,000 people and does all kinds of awesome things for the Gotham community.<\/p><\/blockquote>\r\n<!-- \/wp:quote -->\r\n\r\n<!-- wp:paragraph -->\r\n<p>As a new WordPress user, you should go to <a href=\"https:\/\/demo.divi-pixel.com\/medical\/wp-admin\/\">your dashboard<\/a> to delete this page and create new pages for your content. Have fun!<\/p>\r\n<!-- \/wp:paragraph -->","_et_gb_content_width":"","footnotes":""},"dipi_cpt_category":[],"class_list":["post-242431","page","type-page","status-publish","hentry"],"_links":{"self":[{"href":"https:\/\/rm-tierphysio-ostfriesland.de\/index.php\/wp-json\/wp\/v2\/pages\/242431","targetHints":{"allow":["GET"]}}],"collection":[{"href":"https:\/\/rm-tierphysio-ostfriesland.de\/index.php\/wp-json\/wp\/v2\/pages"}],"about":[{"href":"https:\/\/rm-tierphysio-ostfriesland.de\/index.php\/wp-json\/wp\/v2\/types\/page"}],"author":[{"embeddable":true,"href":"https:\/\/rm-tierphysio-ostfriesland.de\/index.php\/wp-json\/wp\/v2\/users\/1"}],"replies":[{"embeddable":true,"href":"https:\/\/rm-tierphysio-ostfriesland.de\/index.php\/wp-json\/wp\/v2\/comments?post=242431"}],"version-history":[{"count":59,"href":"https:\/\/rm-tierphysio-ostfriesland.de\/index.php\/wp-json\/wp\/v2\/pages\/242431\/revisions"}],"predecessor-version":[{"id":242916,"href":"https:\/\/rm-tierphysio-ostfriesland.de\/index.php\/wp-json\/wp\/v2\/pages\/242431\/revisions\/242916"}],"wp:attachment":[{"href":"https:\/\/rm-tierphysio-ostfriesland.de\/index.php\/wp-json\/wp\/v2\/media?parent=242431"}],"wp:term":[{"taxonomy":"dipi_cpt_category","embeddable":true,"href":"https:\/\/rm-tierphysio-ostfriesland.de\/index.php\/wp-json\/wp\/v2\/dipi_cpt_category?post=242431"}],"curies":[{"name":"wp","href":"https:\/\/api.w.org\/{rel}","templated":true}]}}