{"id":242289,"date":"2021-07-29T23:43:42","date_gmt":"2021-07-29T23:43:42","guid":{"rendered":"https:\/\/demo.divi-pixel.com\/medical\/?page_id=242289"},"modified":"2024-11-04T18:13:51","modified_gmt":"2024-11-04T17:13:51","slug":"pricing","status":"publish","type":"page","link":"https:\/\/rm-tierphysio-ostfriesland.de\/index.php\/pricing\/","title":{"rendered":"Preise"},"content":{"rendered":"<p>[et_pb_section fb_built=&#8220;1&#8243; custom_padding_last_edited=&#8220;on|desktop&#8220; _builder_version=&#8220;4.17.6&#8243; background_image=&#8220;https:\/\/rm-tierphysio-ostfriesland.de\/wp-content\/uploads\/2022\/08\/IMG_2254-scaled.jpg&#8220; background_position=&#8220;bottom_left&#8220; background_vertical_offset=&#8220;88%&#8220; custom_padding=&#8220;15vh||20vh||false|false&#8220; custom_padding_tablet=&#8220;20vh||||false|false&#8220; custom_padding_phone=&#8220;5vh||10vh||false|false&#8220; bottom_divider_style=&#8220;curve2&#8243; bottom_divider_color=&#8220;#FFFFFF&#8220; bottom_divider_height=&#8220;200px&#8220; bottom_divider_repeat=&#8220;0x&#8220; bottom_divider_height_tablet=&#8220;120px&#8220; bottom_divider_height_phone=&#8220;60px&#8220; bottom_divider_height_last_edited=&#8220;on|phone&#8220; background_last_edited=&#8220;on|tablet&#8220; background_color_gradient_stops_tablet=&#8220;rgba(38,61,123,0.95) 0%|rgba(9,162,214,0.33) 100%&#8220; background_color_gradient_stops_phone=&#8220;rgba(38,61,123,0.95) 0%|rgba(9,162,214,0.33) 100%&#8220; background_color_gradient_start_position_tablet=&#8220;0%&#8220; background_color_gradient_end_position_tablet=&#8220;100%&#8220; background_color_gradient_end_position_phone=&#8220;100%&#8220; background_position_tablet=&#8220;top_right&#8220; background_position_phone=&#8220;bottom_left&#8220; background_horizontal_offset_tablet=&#8220;32%&#8220; background_horizontal_offset_phone=&#8220;44%&#8220; background_vertical_offset_phone=&#8220;34%&#8220; global_colors_info=&#8220;{}&#8220;][et_pb_row _builder_version=&#8220;4.16&#8243; _module_preset=&#8220;default&#8220; global_colors_info=&#8220;{}&#8220;][et_pb_column type=&#8220;4_4&#8243; _builder_version=&#8220;4.16&#8243; _module_preset=&#8220;default&#8220; global_colors_info=&#8220;{}&#8220;][et_pb_cta _builder_version=&#8220;4.17.6&#8243; _module_preset=&#8220;default&#8220; header_font=&#8220;Raleway|300|||||||&#8220; header_text_color=&#8220;#F6FBFD&#8220; header_font_size=&#8220;40px&#8220; body_font=&#8220;Montserrat|700|||||||&#8220; body_font_size=&#8220;65px&#8220; body_line_height=&#8220;1em&#8220; background_color=&#8220;RGBA(0,0,0,0)&#8220; custom_button=&#8220;on&#8220; button_bg_color=&#8220;#09A2D6&#8243; button_border_color=&#8220;#09A2D6&#8243; text_orientation=&#8220;left&#8220; max_width=&#8220;700px&#8220; custom_margin=&#8220;||0px||false|false&#8220; custom_padding=&#8220;|||0px|false|false&#8220; header_font_size_tablet=&#8220;&#8220; header_font_size_phone=&#8220;27px&#8220; header_font_size_last_edited=&#8220;on|phone&#8220; body_font_size_tablet=&#8220;70px&#8220; body_font_size_phone=&#8220;41px&#8220; body_font_size_last_edited=&#8220;on|tablet&#8220; global_colors_info=&#8220;{}&#8220; button_border_color__hover_enabled=&#8220;on|hover&#8220; button_border_color__hover=&#8220;#09A2D6&#8243;]<\/p>\n<p>&nbsp;<\/p>\n<p>&nbsp;<\/p>\n<p>[\/et_pb_cta][\/et_pb_column][\/et_pb_row][\/et_pb_section][et_pb_section fb_built=&#8220;1&#8243; _builder_version=&#8220;4.16&#8243; _module_preset=&#8220;default&#8220; background_image=&#8220;https:\/\/demo.divi-pixel.com\/medical\/wp-content\/uploads\/sites\/14\/2021\/07\/medical-shape-01.svg&#8220; background_size=&#8220;contain&#8220; background_position=&#8220;top_left&#8220; custom_padding=&#8220;80px||120px|||&#8220; global_colors_info=&#8220;{}&#8220;][et_pb_row column_structure=&#8220;1_2,1_2&#8243; _builder_version=&#8220;4.17.4&#8243; _module_preset=&#8220;default&#8220; global_colors_info=&#8220;{}&#8220;][et_pb_column type=&#8220;1_2&#8243; _builder_version=&#8220;4.17.4&#8243; _module_preset=&#8220;default&#8220; global_colors_info=&#8220;{}&#8220;][et_pb_text _builder_version=&#8220;4.17.6&#8243; _module_preset=&#8220;default&#8220; text_font=&#8220;|700|||||||&#8220; text_text_color=&#8220;#825339&#8243; header_6_text_color=&#8220;#97c21b&#8220; text_orientation=&#8220;center&#8220; custom_margin=&#8220;||0px||false|false&#8220; custom_padding=&#8220;20px||20px||false|false&#8220; global_colors_info=&#8220;{}&#8220;]<\/p>\n<h6>Pferd &amp; Reiter<\/h6>\n<p>[\/et_pb_text][dipi_price_list item_spacing=&#8220;0px&#8220; item_padding=&#8220;||||false|false&#8220; item_text_padding=&#8220;0px||0px||false|false&#8220; separator_color=&#8220;#E9F4FA&#8220; separator_spacing=&#8220;21px&#8220; _builder_version=&#8220;4.27.2&#8243; _module_preset=&#8220;default&#8220; title_font=&#8220;|600|||||||&#8220; title_text_color=&#8220;rgba(8,24,48,0.6)&#8220; title_font_size=&#8220;16px&#8220; price_font=&#8220;Montserrat|600|||||||&#8220; price_text_color=&#8220;#081830&#8243; price_font_size=&#8220;18px&#8220; background_enable_color=&#8220;off&#8220; width=&#8220;100%&#8220; custom_margin=&#8220;|-33px||||&#8220; custom_padding=&#8220;20px|20px|20px|20px|false|false&#8220; border_radii=&#8220;off|||15px|15px&#8220; global_colors_info=&#8220;{}&#8220;][dipi_price_list_item title=&#8220;Anamnese inkl. 1. Behandlung\t&#8220; price=&#8220;110\u20ac&#8220; _builder_version=&#8220;4.17.6&#8243; _module_preset=&#8220;default&#8220; custom_padding=&#8220;||||false|false&#8220; global_colors_info=&#8220;{}&#8220;][\/dipi_price_list_item][dipi_price_list_item title=&#8220;Magnetfeldtherapie Pferd in kombination mit Physiotherapie und Osteopathie&#8220; price=&#8220;110\u20ac&#8220; _builder_version=&#8220;4.27.2&#8243; _module_preset=&#8220;default&#8220; global_colors_info=&#8220;{}&#8220;][\/dipi_price_list_item][dipi_price_list_item title=&#8220;Folgebehandlungen innerhalb der n\u00e4chsten 6 Wochen\t&#8220; price=&#8220;90\u20ac&#8220; _builder_version=&#8220;4.17.6&#8243; _module_preset=&#8220;default&#8220; global_colors_info=&#8220;{}&#8220;][\/dipi_price_list_item][\/dipi_price_list][\/et_pb_column][et_pb_column type=&#8220;1_2&#8243; _builder_version=&#8220;4.17.4&#8243; _module_preset=&#8220;default&#8220; global_colors_info=&#8220;{}&#8220;][et_pb_text _builder_version=&#8220;4.17.6&#8243; _module_preset=&#8220;default&#8220; text_font=&#8220;|700|||||||&#8220; text_text_color=&#8220;#825339&#8243; header_text_color=&#8220;#97c21b&#8220; header_6_text_color=&#8220;#97c21b&#8220; text_orientation=&#8220;center&#8220; custom_margin=&#8220;||0px||false|false&#8220; custom_padding=&#8220;20px||20px||false|false&#8220; global_colors_info=&#8220;{}&#8220;]<\/p>\n<h6>Hund<\/h6>\n<p>[\/et_pb_text][dipi_price_list item_spacing=&#8220;0px&#8220; item_padding=&#8220;||||false|false&#8220; item_text_padding=&#8220;0px||0px||false|false&#8220; separator_color=&#8220;#E9F4FA&#8220; separator_spacing=&#8220;21px&#8220; _builder_version=&#8220;4.27.2&#8243; _module_preset=&#8220;default&#8220; title_font=&#8220;|600|||||||&#8220; title_text_color=&#8220;rgba(8,24,48,0.6)&#8220; title_font_size=&#8220;16px&#8220; price_font=&#8220;Montserrat|600|||||||&#8220; price_text_color=&#8220;#081830&#8243; price_font_size=&#8220;18px&#8220; background_enable_color=&#8220;off&#8220; custom_padding=&#8220;20px|20px|20px|20px|false|false&#8220; border_radii=&#8220;off|||15px|15px&#8220; global_colors_info=&#8220;{}&#8220;][dipi_price_list_item title=&#8220;Anamnese inkl. 1. Behandlung\t&#8220; price=&#8220;55\u20ac&#8220; _builder_version=&#8220;4.17.6&#8243; _module_preset=&#8220;default&#8220; custom_padding=&#8220;||||false|false&#8220; global_colors_info=&#8220;{}&#8220;][\/dipi_price_list_item][dipi_price_list_item title=&#8220;Magnetfeldtherapie Hund in kombination mit Physiotherapie und Osteopathie &#8220; price=&#8220;55\u20ac&#8220; _builder_version=&#8220;4.27.2&#8243; _module_preset=&#8220;default&#8220; global_colors_info=&#8220;{}&#8220;][\/dipi_price_list_item][dipi_price_list_item title=&#8220;Folgebehandlungen innerhalb der n\u00e4chsten 6 Wochen&#8220; price=&#8220;45\u20ac&#8220; _builder_version=&#8220;4.17.6&#8243; _module_preset=&#8220;default&#8220; global_colors_info=&#8220;{}&#8220;][\/dipi_price_list_item][\/dipi_price_list][\/et_pb_column][\/et_pb_row][et_pb_row _builder_version=&#8220;4.17.4&#8243; _module_preset=&#8220;default&#8220; global_colors_info=&#8220;{}&#8220;][et_pb_column type=&#8220;4_4&#8243; _builder_version=&#8220;4.17.4&#8243; _module_preset=&#8220;default&#8220; global_colors_info=&#8220;{}&#8220;][et_pb_text _builder_version=&#8220;4.17.6&#8243; _module_preset=&#8220;default&#8220; global_colors_info=&#8220;{}&#8220;]<\/p>\n<p><strong>Fahrtkosten:<\/strong><\/p>\n<p>Bei der Behandlung mehrerer Tiere am gleichen Standort fallen die Fahrtkosten nur einmalig an.<\/p>\n<p>Ab 10km Anfahrt wird eine Kilometerpauschale von 1,50\u20ac berechnet (Hin- und R\u00fcckfahrt).\u00a0<\/p>\n<p><strong>HINWEISE:<\/strong><\/p>\n<p>Bei einer neuen Erkrankung, die l\u00e4nger als 6 Wochen nach einer bereits behandelten Erkrankung auftritt, ist immer eine komplette Anamnese erforderlich. Termine, die nicht mindestens 24 Stunden vorher abgesagt werden, m\u00fcssen voll berechnet werden.<\/p>\n<p><strong>Sonderf\u00e4lle<\/strong><\/p>\n<p>F\u00fcr Behandlungen, die 10 Termine oder mehr ben\u00f6tigen, k\u00f6nnen nach dem 10. Termin Sonderkonditionen vereinbart werden. Bei mehreren zu behandelnden Tieren eines Besitzers k\u00f6nnen ebenfalls Sonderkonditionen vereinbart werden.<\/p>\n<p><strong>Geschenkgutscheine<\/strong><\/p>\n<p>Auf Wunsch k\u00f6nnen Sie bei mir einen Geschenkgutschein erwerben.<\/p>\n<p>Bitte sprechen Sie mich an!<\/p>\n<p>[\/et_pb_text][\/et_pb_column][\/et_pb_row][\/et_pb_section]<\/p>\n","protected":false},"excerpt":{"rendered":"<p>&nbsp; &nbsp;Pferd &amp; Reiter<div class=\"et_pb_module dipi_price_list dipi_price_list_0\">\n\t\t\t\t\n\t\t\t\t\n\t\t\t\t\n\t\t\t\t\n\t\t\t\t\n\t\t\t\t\n\t\t\t\t<div class=\"et_pb_module_inner\">\n\t\t\t\t\t\n\t\t\t<div class=\"dipi_price_list-main show_lightbox show_lightbox_tablet show_lightbox_phone\">\n\t\t\t\t\n\t\t\t<\/div>\n\t\t\t\t<\/div>\n\t\t\t<\/div><div class=\"et_pb_module dipi_price_list_item dipi_price_list_item_0\">\n\t\t\t\t\n\t\t\t\t\n\t\t\t\t\n\t\t\t\t\n\t\t\t\t\n\t\t\t\t\n\t\t\t\t<div class=\"et_pb_module_inner\">\n\t\t\t\t\t<div class=\"dipi_price_list_item_wrapper\">\n                \n        \t\t<div class=\"dipi_price_list_text_wrapper\">\n        \t\t\t<div class=\"dipi_price_list_header\">\n        \t\t\t\t<h2 class=\"dipi_price_list_title\">Anamnese inkl. 1. Behandlung <\/h2>\n                        <div class=\"dipi_price_list_separator\"><\/div>\n        \t\t\t\t<div class=\"dipi_price_list_price\"><span class=\"dipi_price_list_prefix_price\"><\/span>110\u20ac<span class=\"dipi_price_list_suffix_price\"><\/span><\/div>\n        \t\t\t<\/div>\n        \t\t\t<div class=\"dipi_price_list_content\">\n                        \n        \t\t\t<\/div>\n        \t\t<\/div>\n        \t<\/div>\n\t\t\t\t<\/div>\n\t\t\t<\/div><div class=\"et_pb_module dipi_price_list_item dipi_price_list_item_1\">\n\t\t\t\t\n\t\t\t\t\n\t\t\t\t\n\t\t\t\t\n\t\t\t\t\n\t\t\t\t\n\t\t\t\t<div class=\"et_pb_module_inner\">\n\t\t\t\t\t<div class=\"dipi_price_list_item_wrapper\">\n                \n        \t\t<div class=\"dipi_price_list_text_wrapper\">\n        \t\t\t<div class=\"dipi_price_list_header\">\n        \t\t\t\t<h2 class=\"dipi_price_list_title\">Magnetfeldtherapie Pferd in kombination mit Physiotherapie und Osteopathie<\/h2>\n                        <div class=\"dipi_price_list_separator\"><\/div>\n        \t\t\t\t<div class=\"dipi_price_list_price\"><span class=\"dipi_price_list_prefix_price\"><\/span>110\u20ac<span class=\"dipi_price_list_suffix_price\"><\/span><\/div>\n        \t\t\t<\/div>\n        \t\t\t<div class=\"dipi_price_list_content\">\n                        \n        \t\t\t<\/div>\n        \t\t<\/div>\n        \t<\/div>\n\t\t\t\t<\/div>\n\t\t\t<\/div><div class=\"et_pb_module dipi_price_list_item dipi_price_list_item_2\">\n\t\t\t\t\n\t\t\t\t\n\t\t\t\t\n\t\t\t\t\n\t\t\t\t\n\t\t\t\t\n\t\t\t\t<div class=\"et_pb_module_inner\">\n\t\t\t\t\t<div class=\"dipi_price_list_item_wrapper\">\n                \n        \t\t<div class=\"dipi_price_list_text_wrapper\">\n        \t\t\t<div class=\"dipi_price_list_header\">\n        \t\t\t\t<h2 class=\"dipi_price_list_title\">&#8220;Folgebehandlungen<\/h2>\n                        <div class=\"dipi_price_list_separator\"><\/div>\n        \t\t\t\t<div class=\"dipi_price_list_price\"><span class=\"dipi_price_list_prefix_price\"><\/span>&#8220;90\u20ac&#8220;<span class=\"dipi_price_list_suffix_price\"><\/span><\/div>\n        \t\t\t<\/div>\n        \t\t\t<div class=\"dipi_price_list_content\">\n                        \n        \t\t\t<\/div>\n        \t\t<\/div>\n        \t<\/div>\n\t\t\t\t<\/div>\n\t\t\t<\/div><\/p>\n","protected":false},"author":1,"featured_media":0,"parent":0,"menu_order":0,"comment_status":"closed","ping_status":"closed","template":"","meta":{"_et_pb_use_builder":"on","_et_pb_old_content":"","_et_gb_content_width":"","footnotes":""},"dipi_cpt_category":[],"class_list":["post-242289","page","type-page","status-publish","hentry"],"_links":{"self":[{"href":"https:\/\/rm-tierphysio-ostfriesland.de\/index.php\/wp-json\/wp\/v2\/pages\/242289","targetHints":{"allow":["GET"]}}],"collection":[{"href":"https:\/\/rm-tierphysio-ostfriesland.de\/index.php\/wp-json\/wp\/v2\/pages"}],"about":[{"href":"https:\/\/rm-tierphysio-ostfriesland.de\/index.php\/wp-json\/wp\/v2\/types\/page"}],"author":[{"embeddable":true,"href":"https:\/\/rm-tierphysio-ostfriesland.de\/index.php\/wp-json\/wp\/v2\/users\/1"}],"replies":[{"embeddable":true,"href":"https:\/\/rm-tierphysio-ostfriesland.de\/index.php\/wp-json\/wp\/v2\/comments?post=242289"}],"version-history":[{"count":15,"href":"https:\/\/rm-tierphysio-ostfriesland.de\/index.php\/wp-json\/wp\/v2\/pages\/242289\/revisions"}],"predecessor-version":[{"id":242859,"href":"https:\/\/rm-tierphysio-ostfriesland.de\/index.php\/wp-json\/wp\/v2\/pages\/242289\/revisions\/242859"}],"wp:attachment":[{"href":"https:\/\/rm-tierphysio-ostfriesland.de\/index.php\/wp-json\/wp\/v2\/media?parent=242289"}],"wp:term":[{"taxonomy":"dipi_cpt_category","embeddable":true,"href":"https:\/\/rm-tierphysio-ostfriesland.de\/index.php\/wp-json\/wp\/v2\/dipi_cpt_category?post=242289"}],"curies":[{"name":"wp","href":"https:\/\/api.w.org\/{rel}","templated":true}]}}